{"id":382,"date":"2026-02-05T15:55:18","date_gmt":"2026-02-05T15:55:18","guid":{"rendered":"https:\/\/mhes.swlauriersb.qc.ca\/policies\/"},"modified":"2026-03-06T13:46:23","modified_gmt":"2026-03-06T13:46:23","slug":"policies","status":"publish","type":"page","link":"https:\/\/mhes.swlauriersb.qc.ca\/fr\/policies\/","title":{"rendered":"Politiques"},"content":{"rendered":"\n<ul>\n<li>Pour consulter les politiques et r\u00e8glements de la Commission scolaire Sir-Wilfrid-Laurier, veuillez cliquer <a href=\"https:\/\/www.swlauriersb.qc.ca\/fr\/politiques-procedures-et-reglements\/\">ICI.<\/a><\/li>\n<\/ul>\n\n\n\n<h2 class=\"wp-block-heading\">Plan de lutte contre l\u2019intimidation et la violence<\/h2>\n\n\n\n<p>Les priorit\u00e9s du <a href=\"https:\/\/mhes.swlauriersb.qc.ca\/wp-content\/uploads\/sites\/22\/2026\/02\/ABAV-ENG-SWLSB-Sept17-2025-EDITED_FRC.pdf\" data-type=\"link\" data-id=\"https:\/\/mhes.swlauriersb.qc.ca\/wp-content\/uploads\/sites\/22\/2026\/02\/ABAV-ENG-SWLSB-Sept17-2025-EDITED_FRC.pdf\">plan de lutte contre l\u2019intimidation et la violence<\/a> sont de favoriser un plus grand sentiment d\u2019appartenance chez les \u00e9l\u00e8ves de tous les niveaux scolaires et de travailler \u00e0 la cr\u00e9ation d\u2019un environnement inclusif.<\/p>\n\n\n\n<h2 class=\"wp-block-heading\">Projet \u00e9ducatif<\/h2>\n\n\n\n<p><a href=\"https:\/\/mhes.swlauriersb.qc.ca\/wp-content\/uploads\/sites\/22\/2026\/02\/MHES-Ed-Project-FRC.pdf\" data-type=\"link\" data-id=\"https:\/\/mhes.swlauriersb.qc.ca\/wp-content\/uploads\/sites\/22\/2026\/02\/MHES-Ed-Project-FRC.pdf\">Le projet \u00e9ducatif<\/a> est un outil strat\u00e9gique par lequel l\u2019\u00e9cole primaire Morin-Heights a d\u00e9fini ses orientations, ses actions prioritaires et les r\u00e9sultats attendus afin d\u2019en informer sa communaut\u00e9, dans le but d\u2019assurer la r\u00e9ussite \u00e9ducative de tous les \u00e9l\u00e8ves, peu importe leur \u00e2ge.<\/p>\n\n\n\n<p>Il tient compte des caract\u00e9ristiques et des besoins des \u00e9l\u00e8ves qui fr\u00e9quentent l\u2019\u00e9cole primaire Morin-Heights, ainsi que des attentes de la communaut\u00e9 en mati\u00e8re d\u2019\u00e9ducation.<\/p>\n\n\n\n<h2 class=\"wp-block-heading\">Normes et modalit\u00e9s<\/h2>\n\n\n\n<p>Cliquez ici pour consulter les <a href=\"https:\/\/mhes.swlauriersb.qc.ca\/wp-content\/uploads\/sites\/22\/2026\/03\/Standards-and-Procedures-MHES-2025-2026_FRC.pdf\" data-type=\"link\" data-id=\"https:\/\/mhes.swlauriersb.qc.ca\/wp-content\/uploads\/sites\/22\/2026\/03\/Standards-and-Procedures-MHES-2025-2026_FRC.pdf\">NORMES ET MODALIT\u00c9S D\u2019\u00c9VALUATION<\/a><\/p>\n\n\n\n<h2 class=\"wp-block-heading\">Code de conduite<\/h2>\n\n\n\n<p><a href=\"https:\/\/mhes.swlauriersb.qc.ca\/wp-content\/uploads\/sites\/22\/2026\/02\/Code-of-Conduct-MORIN-HEIGHTS-ELEMENTARY_FRC.pdf\" data-type=\"link\" data-id=\"https:\/\/mhes.swlauriersb.qc.ca\/wp-content\/uploads\/sites\/22\/2026\/02\/Code-of-Conduct-MORIN-HEIGHTS-ELEMENTARY_FRC.pdf\">Cliquez ici <\/a>pour consulter le code de conduite de l\u2019\u00e9cole primaire Morin-Heights (MHES).<\/p>\n","protected":false},"excerpt":{"rendered":"<p>Plan de lutte contre l\u2019intimidation et la violence Les priorit\u00e9s du plan de lutte contre l\u2019intimidation et la violence sont de favoriser un plus grand sentiment d\u2019appartenance chez les \u00e9l\u00e8ves de tous les niveaux scolaires et de travailler \u00e0 la cr\u00e9ation d\u2019un environnement inclusif. Projet \u00e9ducatif Le projet \u00e9ducatif est un outil strat\u00e9gique par lequel&hellip;<\/p>\n","protected":false},"author":9,"featured_media":0,"parent":0,"menu_order":0,"comment_status":"closed","ping_status":"closed","template":"","meta":{"_acf_changed":false,"_relevanssi_hide_post":"","_relevanssi_hide_content":"","_relevanssi_pin_for_all":"","_relevanssi_pin_keywords":"","_relevanssi_unpin_keywords":"","_relevanssi_related_keywords":"","_relevanssi_related_include_ids":"","_relevanssi_related_exclude_ids":"","_relevanssi_related_no_append":"","_relevanssi_related_not_related":"","_relevanssi_related_posts":"1","_relevanssi_noindex_reason":"","footnotes":""},"acf":[],"_links":{"self":[{"href":"https:\/\/mhes.swlauriersb.qc.ca\/fr\/wp-json\/wp\/v2\/pages\/382"}],"collection":[{"href":"https:\/\/mhes.swlauriersb.qc.ca\/fr\/wp-json\/wp\/v2\/pages"}],"about":[{"href":"https:\/\/mhes.swlauriersb.qc.ca\/fr\/wp-json\/wp\/v2\/types\/page"}],"author":[{"embeddable":true,"href":"https:\/\/mhes.swlauriersb.qc.ca\/fr\/wp-json\/wp\/v2\/users\/9"}],"replies":[{"embeddable":true,"href":"https:\/\/mhes.swlauriersb.qc.ca\/fr\/wp-json\/wp\/v2\/comments?post=382"}],"version-history":[{"count":8,"href":"https:\/\/mhes.swlauriersb.qc.ca\/fr\/wp-json\/wp\/v2\/pages\/382\/revisions"}],"predecessor-version":[{"id":450,"href":"https:\/\/mhes.swlauriersb.qc.ca\/fr\/wp-json\/wp\/v2\/pages\/382\/revisions\/450"}],"wp:attachment":[{"href":"https:\/\/mhes.swlauriersb.qc.ca\/fr\/wp-json\/wp\/v2\/media?parent=382"}],"curies":[{"name":"wp","href":"https:\/\/api.w.org\/{rel}","templated":true}]}}