{"id":369,"date":"2026-02-05T15:51:40","date_gmt":"2026-02-05T15:51:40","guid":{"rendered":"https:\/\/mhes.swlauriersb.qc.ca\/transportation\/"},"modified":"2026-02-25T16:57:04","modified_gmt":"2026-02-25T16:57:04","slug":"transportation","status":"publish","type":"page","link":"https:\/\/mhes.swlauriersb.qc.ca\/fr\/transportation\/","title":{"rendered":"Transport scolaire"},"content":{"rendered":"\n<p>Les informations pour les trajets d\u2019autobus de chaque \u00e9l\u00e8ves sont disponibles sur le portail Moza\u00efk pour parents. <a href=\"https:\/\/portailparents.ca\/accueil\/en\/\">https:\/\/portailparents.ca\/accueil\/en\/<\/a><\/p>\n\n\n\n<p>Comment acc\u00e9der aux informations de transport de mon enfant sur Moza\u00efk <a href=\"https:\/\/www.swlauriersb.qc.ca\/wp-content\/uploads\/2020\/12\/HOW-to_Bus-info-Mozaik-Portal.pdf)\">https:\/\/www.swlauriersb.qc.ca\/wp-content\/uploads\/2020\/12\/HOW-to_Bus-info-Mozaik-Portal.pdf<\/a><\/p>\n\n\n\n<p>Num\u00e9ros de t\u00e9l\u00e9phone de contact d&#8217;urgence avec les transporteurs <a href=\"https:\/\/www.swlauriersb.qc.ca\/fr\/familles\/transport-scolaire\/\">https:\/\/www.swlauriersb.qc.ca\/fr\/familles\/transport-scolaire\/<\/a><\/p>\n","protected":false},"excerpt":{"rendered":"<p>Les informations pour les trajets d\u2019autobus de chaque \u00e9l\u00e8ves sont disponibles sur le portail Moza\u00efk pour parents. https:\/\/portailparents.ca\/accueil\/en\/ Comment acc\u00e9der aux informations de transport de mon enfant sur Moza\u00efk https:\/\/www.swlauriersb.qc.ca\/wp-content\/uploads\/2020\/12\/HOW-to_Bus-info-Mozaik-Portal.pdf Num\u00e9ros de t\u00e9l\u00e9phone de contact d&#8217;urgence avec les transporteurs https:\/\/www.swlauriersb.qc.ca\/fr\/familles\/transport-scolaire\/<\/p>\n","protected":false},"author":9,"featured_media":0,"parent":0,"menu_order":0,"comment_status":"closed","ping_status":"closed","template":"","meta":{"_acf_changed":false,"_relevanssi_hide_post":"","_relevanssi_hide_content":"","_relevanssi_pin_for_all":"","_relevanssi_pin_keywords":"","_relevanssi_unpin_keywords":"","_relevanssi_related_keywords":"","_relevanssi_related_include_ids":"","_relevanssi_related_exclude_ids":"","_relevanssi_related_no_append":"","_relevanssi_related_not_related":"","_relevanssi_related_posts":"1","_relevanssi_noindex_reason":"","footnotes":""},"acf":[],"_links":{"self":[{"href":"https:\/\/mhes.swlauriersb.qc.ca\/fr\/wp-json\/wp\/v2\/pages\/369"}],"collection":[{"href":"https:\/\/mhes.swlauriersb.qc.ca\/fr\/wp-json\/wp\/v2\/pages"}],"about":[{"href":"https:\/\/mhes.swlauriersb.qc.ca\/fr\/wp-json\/wp\/v2\/types\/page"}],"author":[{"embeddable":true,"href":"https:\/\/mhes.swlauriersb.qc.ca\/fr\/wp-json\/wp\/v2\/users\/9"}],"replies":[{"embeddable":true,"href":"https:\/\/mhes.swlauriersb.qc.ca\/fr\/wp-json\/wp\/v2\/comments?post=369"}],"version-history":[{"count":2,"href":"https:\/\/mhes.swlauriersb.qc.ca\/fr\/wp-json\/wp\/v2\/pages\/369\/revisions"}],"predecessor-version":[{"id":429,"href":"https:\/\/mhes.swlauriersb.qc.ca\/fr\/wp-json\/wp\/v2\/pages\/369\/revisions\/429"}],"wp:attachment":[{"href":"https:\/\/mhes.swlauriersb.qc.ca\/fr\/wp-json\/wp\/v2\/media?parent=369"}],"curies":[{"name":"wp","href":"https:\/\/api.w.org\/{rel}","templated":true}]}}