{"id":358,"date":"2026-02-05T15:48:52","date_gmt":"2026-02-05T15:48:52","guid":{"rendered":"https:\/\/mhes.swlauriersb.qc.ca\/parent-participation-organization-ppo\/"},"modified":"2026-02-19T18:05:19","modified_gmt":"2026-02-19T18:05:19","slug":"parent-participation-organization-ppo","status":"publish","type":"page","link":"https:\/\/mhes.swlauriersb.qc.ca\/fr\/parent-participation-organization-ppo\/","title":{"rendered":"L\u2019organisme de participation des parents (OPP)"},"content":{"rendered":"\n<p>La g\u00e9n\u00e9rosit\u00e9 de notre communaut\u00e9 de parents continue de soutenir les programmes d\u2019activit\u00e9s \u00e0 l\u2019\u00e9cole primaire Morin-Heights (MHES). Les campagnes de financement aident \u00e0 couvrir les co\u00fbts des sorties \u00e9ducatives et des activit\u00e9s organis\u00e9es \u00e0 l\u2019\u00e9cole. Les fonds recueillis servent \u00e9galement \u00e0 financer des achats sp\u00e9ciaux et\/ou des activit\u00e9s \u00e0 l\u2019\u00e9chelle de l\u2019\u00e9cole.<\/p>\n\n\n\n<p>Les parents b\u00e9n\u00e9voles apportent leur aide en classe, lors des sorties scolaires et pendant le programme d\u2019activit\u00e9s hivernales.<\/p>\n\n\n\n<p>Si vous \u00eates le parent ou le tuteur d\u2019un \u00e9l\u00e8ve de l\u2019\u00e9cole et que vous souhaitez faire du b\u00e9n\u00e9volat, veuillez communiquer avec le coordonnateur des b\u00e9n\u00e9voles de l\u2019OPE (Organisation de participation des parents) \u00e0 l\u2019adresse suivante : <a href=\"mailto:ppovolunteersmhes@gmail.com\" target=\"_blank\" rel=\"noreferrer noopener\">ppovolunteersmhes@gmail.com<\/a><\/p>\n\n\n\n<p>Pour faire du b\u00e9n\u00e9volat avec l\u2019OPP, veuillez cliquer <a href=\"https:\/\/mhes.swlauriersb.qc.ca\/wp-content\/uploads\/sites\/22\/2026\/02\/LCC_Form_Judicial_Adults_2022_2023_EN_w_REVmb.pdf\" data-type=\"link\" data-id=\"https:\/\/mhes.swlauriersb.qc.ca\/wp-content\/uploads\/sites\/22\/2026\/02\/LCC_Form_Judicial_Adults_2022_2023_EN_w_REVmb.pdf\">ICI<\/a>, remplir le <a href=\"https:\/\/mhes.swlauriersb.qc.ca\/wp-content\/uploads\/sites\/22\/2026\/02\/LCC_Form_Judicial_Adults_2022_2023_EN_w_REVmb.pdf\" data-type=\"link\" data-id=\"https:\/\/mhes.swlauriersb.qc.ca\/wp-content\/uploads\/sites\/22\/2026\/02\/LCC_Form_Judicial_Adults_2022_2023_EN_w_REVmb.pdf\">formulaire de v\u00e9rification des ant\u00e9c\u00e9dents judiciaires<\/a> et le remettre \u00e0 l\u2019\u00e9cole.<\/p>\n","protected":false},"excerpt":{"rendered":"<p>La g\u00e9n\u00e9rosit\u00e9 de notre communaut\u00e9 de parents continue de soutenir les programmes d\u2019activit\u00e9s \u00e0 l\u2019\u00e9cole primaire Morin-Heights (MHES). Les campagnes de financement aident \u00e0 couvrir les co\u00fbts des sorties \u00e9ducatives et des activit\u00e9s organis\u00e9es \u00e0 l\u2019\u00e9cole. Les fonds recueillis servent \u00e9galement \u00e0 financer des achats sp\u00e9ciaux et\/ou des activit\u00e9s \u00e0 l\u2019\u00e9chelle de l\u2019\u00e9cole. Les parents&hellip;<\/p>\n","protected":false},"author":9,"featured_media":0,"parent":0,"menu_order":0,"comment_status":"closed","ping_status":"closed","template":"","meta":{"_acf_changed":false,"_relevanssi_hide_post":"","_relevanssi_hide_content":"","_relevanssi_pin_for_all":"","_relevanssi_pin_keywords":"","_relevanssi_unpin_keywords":"","_relevanssi_related_keywords":"","_relevanssi_related_include_ids":"","_relevanssi_related_exclude_ids":"","_relevanssi_related_no_append":"","_relevanssi_related_not_related":"","_relevanssi_related_posts":"1","_relevanssi_noindex_reason":"","footnotes":""},"acf":[],"_links":{"self":[{"href":"https:\/\/mhes.swlauriersb.qc.ca\/fr\/wp-json\/wp\/v2\/pages\/358"}],"collection":[{"href":"https:\/\/mhes.swlauriersb.qc.ca\/fr\/wp-json\/wp\/v2\/pages"}],"about":[{"href":"https:\/\/mhes.swlauriersb.qc.ca\/fr\/wp-json\/wp\/v2\/types\/page"}],"author":[{"embeddable":true,"href":"https:\/\/mhes.swlauriersb.qc.ca\/fr\/wp-json\/wp\/v2\/users\/9"}],"replies":[{"embeddable":true,"href":"https:\/\/mhes.swlauriersb.qc.ca\/fr\/wp-json\/wp\/v2\/comments?post=358"}],"version-history":[{"count":2,"href":"https:\/\/mhes.swlauriersb.qc.ca\/fr\/wp-json\/wp\/v2\/pages\/358\/revisions"}],"predecessor-version":[{"id":361,"href":"https:\/\/mhes.swlauriersb.qc.ca\/fr\/wp-json\/wp\/v2\/pages\/358\/revisions\/361"}],"wp:attachment":[{"href":"https:\/\/mhes.swlauriersb.qc.ca\/fr\/wp-json\/wp\/v2\/media?parent=358"}],"curies":[{"name":"wp","href":"https:\/\/api.w.org\/{rel}","templated":true}]}}