{"id":337,"date":"2026-02-05T15:42:00","date_gmt":"2026-02-05T15:42:00","guid":{"rendered":"https:\/\/mhes.swlauriersb.qc.ca\/our-school-about-us\/"},"modified":"2026-02-19T16:44:27","modified_gmt":"2026-02-19T16:44:27","slug":"our-school-about-us","status":"publish","type":"page","link":"https:\/\/mhes.swlauriersb.qc.ca\/fr\/our-school-about-us\/","title":{"rendered":"Notre \u00e9cole \/ \u00e0 propos"},"content":{"rendered":"\n<p>L\u2019\u00e9cole primaire Morin-Heights (MHES) est un endroit formidable pour apprendre et grandir. Faisant partie de la Sir Wilfrid Laurier School Board, nous offrons un programme stimulant \u00e0 environ 240 \u00e9l\u00e8ves, de la pr\u00e9maternelle \u00e0 la 6e ann\u00e9e. Situ\u00e9e dans les Laurentides, pr\u00e8s du centre du village de Morin-Heights, notre \u00e9cole est entour\u00e9e de magnifiques espaces verts ouverts, dot\u00e9s d\u2019excellentes installations sportives et d\u2019aires de jeux.<\/p>\n","protected":false},"excerpt":{"rendered":"<p>L\u2019\u00e9cole primaire Morin-Heights (MHES) est un endroit formidable pour apprendre et grandir. Faisant partie de la Sir Wilfrid Laurier School Board, nous offrons un programme stimulant \u00e0 environ 240 \u00e9l\u00e8ves, de la pr\u00e9maternelle \u00e0 la 6e ann\u00e9e. Situ\u00e9e dans les Laurentides, pr\u00e8s du centre du village de Morin-Heights, notre \u00e9cole est entour\u00e9e de magnifiques espaces&hellip;<\/p>\n","protected":false},"author":9,"featured_media":0,"parent":0,"menu_order":0,"comment_status":"closed","ping_status":"closed","template":"","meta":{"_acf_changed":false,"_relevanssi_hide_post":"","_relevanssi_hide_content":"","_relevanssi_pin_for_all":"","_relevanssi_pin_keywords":"","_relevanssi_unpin_keywords":"","_relevanssi_related_keywords":"","_relevanssi_related_include_ids":"","_relevanssi_related_exclude_ids":"","_relevanssi_related_no_append":"","_relevanssi_related_not_related":"","_relevanssi_related_posts":"1","_relevanssi_noindex_reason":"","footnotes":""},"acf":[],"_links":{"self":[{"href":"https:\/\/mhes.swlauriersb.qc.ca\/fr\/wp-json\/wp\/v2\/pages\/337"}],"collection":[{"href":"https:\/\/mhes.swlauriersb.qc.ca\/fr\/wp-json\/wp\/v2\/pages"}],"about":[{"href":"https:\/\/mhes.swlauriersb.qc.ca\/fr\/wp-json\/wp\/v2\/types\/page"}],"author":[{"embeddable":true,"href":"https:\/\/mhes.swlauriersb.qc.ca\/fr\/wp-json\/wp\/v2\/users\/9"}],"replies":[{"embeddable":true,"href":"https:\/\/mhes.swlauriersb.qc.ca\/fr\/wp-json\/wp\/v2\/comments?post=337"}],"version-history":[{"count":1,"href":"https:\/\/mhes.swlauriersb.qc.ca\/fr\/wp-json\/wp\/v2\/pages\/337\/revisions"}],"predecessor-version":[{"id":338,"href":"https:\/\/mhes.swlauriersb.qc.ca\/fr\/wp-json\/wp\/v2\/pages\/337\/revisions\/338"}],"wp:attachment":[{"href":"https:\/\/mhes.swlauriersb.qc.ca\/fr\/wp-json\/wp\/v2\/media?parent=337"}],"curies":[{"name":"wp","href":"https:\/\/api.w.org\/{rel}","templated":true}]}}