{"id":330,"date":"2026-02-05T15:52:09","date_gmt":"2026-02-05T15:52:09","guid":{"rendered":"https:\/\/mhes.swlauriersb.qc.ca\/cafeteria\/"},"modified":"2026-02-25T17:36:49","modified_gmt":"2026-02-25T17:36:49","slug":"cafeteria","status":"publish","type":"page","link":"https:\/\/mhes.swlauriersb.qc.ca\/fr\/cafeteria\/","title":{"rendered":"Caf\u00e9t\u00e9ria"},"content":{"rendered":"\n<p>Notre \u00e9cole dispose d\u2019une caf\u00e9t\u00e9ria surveill\u00e9e o\u00f9 les \u00e9l\u00e8ves peuvent d\u00e9jeuner dans un environnement s\u00fbr et convivial.<\/p>\n\n\n\n<p>Nous n\u2019avons pas de service de traiteur, les parents envoient des collations et le d\u00e9jeuner avec leurs enfants<\/p>\n","protected":false},"excerpt":{"rendered":"<p>Notre \u00e9cole dispose d\u2019une caf\u00e9t\u00e9ria surveill\u00e9e o\u00f9 les \u00e9l\u00e8ves peuvent d\u00e9jeuner dans un environnement s\u00fbr et convivial. Nous n\u2019avons pas de service de traiteur, les parents envoient des collations et le d\u00e9jeuner avec leurs enfants<\/p>\n","protected":false},"author":9,"featured_media":0,"parent":0,"menu_order":0,"comment_status":"closed","ping_status":"closed","template":"","meta":{"_acf_changed":false,"_relevanssi_hide_post":"","_relevanssi_hide_content":"","_relevanssi_pin_for_all":"","_relevanssi_pin_keywords":"","_relevanssi_unpin_keywords":"","_relevanssi_related_keywords":"","_relevanssi_related_include_ids":"","_relevanssi_related_exclude_ids":"","_relevanssi_related_no_append":"","_relevanssi_related_not_related":"","_relevanssi_related_posts":"1","_relevanssi_noindex_reason":"","footnotes":""},"acf":[],"_links":{"self":[{"href":"https:\/\/mhes.swlauriersb.qc.ca\/fr\/wp-json\/wp\/v2\/pages\/330"}],"collection":[{"href":"https:\/\/mhes.swlauriersb.qc.ca\/fr\/wp-json\/wp\/v2\/pages"}],"about":[{"href":"https:\/\/mhes.swlauriersb.qc.ca\/fr\/wp-json\/wp\/v2\/types\/page"}],"author":[{"embeddable":true,"href":"https:\/\/mhes.swlauriersb.qc.ca\/fr\/wp-json\/wp\/v2\/users\/9"}],"replies":[{"embeddable":true,"href":"https:\/\/mhes.swlauriersb.qc.ca\/fr\/wp-json\/wp\/v2\/comments?post=330"}],"version-history":[{"count":2,"href":"https:\/\/mhes.swlauriersb.qc.ca\/fr\/wp-json\/wp\/v2\/pages\/330\/revisions"}],"predecessor-version":[{"id":432,"href":"https:\/\/mhes.swlauriersb.qc.ca\/fr\/wp-json\/wp\/v2\/pages\/330\/revisions\/432"}],"wp:attachment":[{"href":"https:\/\/mhes.swlauriersb.qc.ca\/fr\/wp-json\/wp\/v2\/media?parent=330"}],"curies":[{"name":"wp","href":"https:\/\/api.w.org\/{rel}","templated":true}]}}