{"id":231,"date":"2026-02-05T15:49:10","date_gmt":"2026-02-05T15:49:10","guid":{"rendered":"https:\/\/mhes.swlauriersb.qc.ca\/governing-board-gb\/"},"modified":"2026-02-19T18:21:39","modified_gmt":"2026-02-19T18:21:39","slug":"governing-board-gb","status":"publish","type":"page","link":"https:\/\/mhes.swlauriersb.qc.ca\/fr\/governing-board-gb\/","title":{"rendered":"Conseil d\u2019\u00e9tablissement"},"content":{"rendered":"\n<p>Le conseil d\u2019\u00e9tablissement est une instance d\u00e9cisionnelle importante au sein de notre \u00e9cole, et ses membres travaillent avec diligence afin de prendre des d\u00e9cisions visant l\u2019am\u00e9lioration continue de la qualit\u00e9 des services et de l\u2019\u00e9ducation offerts dans notre \u00e9tablissement.<\/p>\n\n\n\n<p>Ce <a href=\"https:\/\/mhes.swlauriersb.qc.ca\/wp-content\/uploads\/sites\/22\/2026\/02\/MHES-GB-Internal-Rules-2022.pdf\" data-type=\"link\" data-id=\"https:\/\/mhes.swlauriersb.qc.ca\/wp-content\/uploads\/sites\/22\/2026\/02\/MHES-GB-Internal-Rules-2022.pdf\">document du conseil d\u2019\u00e9tablissement<\/a> \u00e9tablit les r\u00e8gles de r\u00e9gie interne du conseil, conform\u00e9ment \u00e0 l\u2019article 67 de la Loi sur l\u2019instruction publique (R.S.Q., chapitre I-13.3) et \u00e0 ses modifications.<\/p>\n\n\n\n<p><\/p>\n","protected":false},"excerpt":{"rendered":"<p>Le conseil d\u2019\u00e9tablissement est une instance d\u00e9cisionnelle importante au sein de notre \u00e9cole, et ses membres travaillent avec diligence afin de prendre des d\u00e9cisions visant l\u2019am\u00e9lioration continue de la qualit\u00e9 des services et de l\u2019\u00e9ducation offerts dans notre \u00e9tablissement. Ce document du conseil d\u2019\u00e9tablissement \u00e9tablit les r\u00e8gles de r\u00e9gie interne du conseil, conform\u00e9ment \u00e0 l\u2019article&hellip;<\/p>\n","protected":false},"author":9,"featured_media":0,"parent":0,"menu_order":0,"comment_status":"closed","ping_status":"closed","template":"","meta":{"_acf_changed":false,"_relevanssi_hide_post":"","_relevanssi_hide_content":"","_relevanssi_pin_for_all":"","_relevanssi_pin_keywords":"","_relevanssi_unpin_keywords":"","_relevanssi_related_keywords":"","_relevanssi_related_include_ids":"","_relevanssi_related_exclude_ids":"","_relevanssi_related_no_append":"","_relevanssi_related_not_related":"","_relevanssi_related_posts":"1","_relevanssi_noindex_reason":"","footnotes":""},"acf":[],"_links":{"self":[{"href":"https:\/\/mhes.swlauriersb.qc.ca\/fr\/wp-json\/wp\/v2\/pages\/231"}],"collection":[{"href":"https:\/\/mhes.swlauriersb.qc.ca\/fr\/wp-json\/wp\/v2\/pages"}],"about":[{"href":"https:\/\/mhes.swlauriersb.qc.ca\/fr\/wp-json\/wp\/v2\/types\/page"}],"author":[{"embeddable":true,"href":"https:\/\/mhes.swlauriersb.qc.ca\/fr\/wp-json\/wp\/v2\/users\/9"}],"replies":[{"embeddable":true,"href":"https:\/\/mhes.swlauriersb.qc.ca\/fr\/wp-json\/wp\/v2\/comments?post=231"}],"version-history":[{"count":3,"href":"https:\/\/mhes.swlauriersb.qc.ca\/fr\/wp-json\/wp\/v2\/pages\/231\/revisions"}],"predecessor-version":[{"id":371,"href":"https:\/\/mhes.swlauriersb.qc.ca\/fr\/wp-json\/wp\/v2\/pages\/231\/revisions\/371"}],"wp:attachment":[{"href":"https:\/\/mhes.swlauriersb.qc.ca\/fr\/wp-json\/wp\/v2\/media?parent=231"}],"curies":[{"name":"wp","href":"https:\/\/api.w.org\/{rel}","templated":true}]}}